{"id":9,"date":"2020-03-09T10:31:38","date_gmt":"2020-03-09T10:31:38","guid":{"rendered":"https:\/\/oleumtransporti.com\/?page_id=9"},"modified":"2020-03-09T13:17:46","modified_gmt":"2020-03-09T13:17:46","slug":"rreth-nesh","status":"publish","type":"page","link":"https:\/\/oleumtransporti.com\/index.php\/rreth-nesh\/","title":{"rendered":"RRETH NESH"},"content":{"rendered":"<div class=\"wpb-content-wrapper\"><p>[vc_row][vc_column width=&#8221;1\/2&#8243;][vc_single_image image=&#8221;29&#8243; img_size=&#8221;600*500&#8243; alignment=&#8221;center&#8221;][\/vc_column][vc_column width=&#8221;1\/2&#8243;][vc_column_text]<\/p>\n<p style=\"text-align: justify;\">Shoq\u00ebria jon\u00eb Oleum Transporti \u00ebsht\u00eb themeluar n\u00eb Shkurt t\u00eb vitit t\u00eb kaluar, me kapital 100% shqiptar dhe me ortak t\u00eb vet\u00ebm zotin Sokol Malaj.Sfera e veprimtaris\u00eb t\u00eb kompanis\u00eb ton\u00eb shtrihet n\u00eb fush\u00ebn e transportit brenda dhe jasht\u00eb vendit, treg\u00ebtimit me shumic\u00eb dhe pakic\u00eb, importimit, eksportimit t\u00eb naft\u00ebs dhe n\u00ebnprodukteve t\u00eb saj, vajrave lubrifikant\u00eb si dhe l\u00ebnd\u00ebve t\u00eb para p\u00ebr prodhimin e tyre. Ne ndihmojm\u00eb gjithashtu n\u00eb treg\u00ebtimin me shumic\u00eb dhe pakic\u00eb, importimin dhe eksportimin e mallrave t\u00eb ndryshme ushqimore, industriale, pijeve alkoolike dhe jo alkoolike, elektroshtepiakeve si dhe hidrosanitareve.Qysh prej fillimit t\u00eb pun\u00ebs s\u00eb saj, u pa si aktiviteti primar,si p\u00ebr tregun e brendsh\u00ebm ashtu dhe at\u00eb rajonal, ofrimi i sh\u00ebrbimeve t\u00eb transportit tek kompanit\u00eb naft\u00eb nxjerr\u00ebse dhe p\u00ebrpunuese, t\u00eb naft\u00ebs bruto dhe n\u00ebnprodukteve t\u00eb saj.Gjithashtu si pjes\u00eb e plot\u00ebsimit t\u00eb nevojave t\u00eb shoq\u00ebrive t\u00eb lidhura, ofrojm\u00eb transportin e n\u00ebnprodukteve tona t\u00eb naft\u00ebs , benzin\u00ebs, koksit, solarit etj deri te konsumator\u00ebt final\u00eb.Shoq\u00ebria jon\u00eb disponon n\u00eb p\u00ebrdorim nj\u00eb shesh magazinimi t\u00eb flot\u00ebs son\u00eb t\u00eb transportit rrugor t\u00eb kompletuar me t\u00eb gjitha facilitetet e plot\u00ebsimit t\u00eb logjistik\u00ebs me resurset e vet\u00eb shoq\u00ebris\u00eb, si edhe nj\u00eb gam\u00eb mjetesh transporti, si t\u00eb naft\u00ebs bruto ashtu edhe t\u00eb n\u00ebnprodukteve, prej gati 40 mjetesh, kryesisht t\u00eb tonazheve t\u00eb r\u00ebnda.Synojm\u00eb diversifikimin e gam\u00ebs s\u00eb sh\u00ebrbimeve tona duke bashk\u00ebpunuar me partner\u00eb strategjik\u00eb dhe t\u00eb besuesh\u00ebm t\u00eb cil\u00ebt ofrojn\u00eb p\u00ebr tregun shqiptar p\u00ebrvoj\u00ebn m\u00eb t\u00eb mir\u00eb t\u00eb sektorit t\u00eb hidrokarbureve.<\/p>\n<p>[\/vc_column_text][\/vc_column][\/vc_row][vc_row][vc_column][vc_custom_heading text=&#8221;P\u00ebrse duhet t\u00eb na zgjidhni ne:&#8221; font_container=&#8221;tag:h2|text_align:left|color:%230058a9&#8243; google_fonts=&#8221;font_family:Roboto%20Condensed%3A300%2C300italic%2Cregular%2Citalic%2C700%2C700italic|font_style:400%20regular%3A400%3Anormal&#8221;]<div class=\"standard-arrow list-divider bullet-top\"><ul>\n<li>Cil\u00ebsia dhe motoja jon\u00eb e plot\u00ebsimit t\u00eb nevojave t\u00eb klientit me nj\u00eb staf dinamik dhe t\u00eb kualifikuar \u00ebsht\u00eb themeli i pun\u00ebs son\u00eb.<\/li>\n<li>Plot\u00ebsimi i parametrave teknike t\u00eb fush\u00ebs, \u00ebsht\u00eb nj\u00eb prioritet i yni, qoft\u00eb n\u00eb plot\u00ebsimin e nevojave q\u00eb rrjedhin nga Legjislacioni Shqiptar ashtu edhe nga nevojat teknike specifike t\u00eb klient\u00ebve tan\u00eb.<\/li>\n<li>Koha e sh\u00ebrbimit \u00ebsht\u00eb nj\u00eb element kyc q\u00eb ne na jep avantazh konkurrues p\u00ebr shkak edhe t\u00eb faktor\u00ebve t\u00eb m\u00ebsip\u00ebrm.<\/li>\n<\/ul>\n<\/div>[\/vc_column][\/vc_row]<\/p>\n<\/div>","protected":false},"excerpt":{"rendered":"<p>[vc_row][vc_column width=&#8221;1\/2&#8243;][vc_single_image image=&#8221;29&#8243; img_size=&#8221;600*500&#8243; alignment=&#8221;center&#8221;][\/vc_column][vc_column width=&#8221;1\/2&#8243;][vc_column_text] Shoq\u00ebria jon\u00eb Oleum Transporti \u00ebsht\u00eb themeluar n\u00eb Shkurt t\u00eb vitit t\u00eb kaluar, me kapital 100% shqiptar dhe me ortak t\u00eb vet\u00ebm zotin Sokol Malaj.Sfera e veprimtaris\u00eb t\u00eb kompanis\u00eb ton\u00eb shtrihet n\u00eb fush\u00ebn e transportit brenda dhe jasht\u00eb vendit, treg\u00ebtimit me shumic\u00eb dhe pakic\u00eb, importimit, eksportimit t\u00eb naft\u00ebs dhe n\u00ebnprodukteve&hellip;<\/p>\n","protected":false},"author":1,"featured_media":0,"parent":0,"menu_order":0,"comment_status":"closed","ping_status":"closed","template":"","meta":{"footnotes":""},"class_list":["post-9","page","type-page","status-publish","hentry","description-off"],"_links":{"self":[{"href":"https:\/\/oleumtransporti.com\/index.php\/wp-json\/wp\/v2\/pages\/9","targetHints":{"allow":["GET"]}}],"collection":[{"href":"https:\/\/oleumtransporti.com\/index.php\/wp-json\/wp\/v2\/pages"}],"about":[{"href":"https:\/\/oleumtransporti.com\/index.php\/wp-json\/wp\/v2\/types\/page"}],"author":[{"embeddable":true,"href":"https:\/\/oleumtransporti.com\/index.php\/wp-json\/wp\/v2\/users\/1"}],"replies":[{"embeddable":true,"href":"https:\/\/oleumtransporti.com\/index.php\/wp-json\/wp\/v2\/comments?post=9"}],"version-history":[{"count":5,"href":"https:\/\/oleumtransporti.com\/index.php\/wp-json\/wp\/v2\/pages\/9\/revisions"}],"predecessor-version":[{"id":78,"href":"https:\/\/oleumtransporti.com\/index.php\/wp-json\/wp\/v2\/pages\/9\/revisions\/78"}],"wp:attachment":[{"href":"https:\/\/oleumtransporti.com\/index.php\/wp-json\/wp\/v2\/media?parent=9"}],"curies":[{"name":"wp","href":"https:\/\/api.w.org\/{rel}","templated":true}]}}