{"id":7,"date":"2020-03-09T10:31:19","date_gmt":"2020-03-09T10:31:19","guid":{"rendered":"https:\/\/oleumtransporti.com\/?page_id=7"},"modified":"2020-03-09T13:58:40","modified_gmt":"2020-03-09T13:58:40","slug":"home","status":"publish","type":"page","link":"https:\/\/oleumtransporti.com\/","title":{"rendered":"HOME"},"content":{"rendered":"<div class=\"wpb-content-wrapper\"><p>[vc_row][vc_column][vc_custom_heading text=&#8221;MIR\u00cbSEVINI N\u00cb OLEUM TRANSPORTI!&#8221; font_container=&#8221;tag:h2|text_align:center|color:%230058a9&#8243; google_fonts=&#8221;font_family:Roboto%20Condensed%3A300%2C300italic%2Cregular%2Citalic%2C700%2C700italic|font_style:400%20italic%3A400%3Aitalic&#8221;][vc_text_separator title=&#8221;P\u00ebrse duhet t\u00eb na zgjidhni ne&#8221;][\/vc_column][\/vc_row][vc_row][vc_column width=&#8221;1\/4&#8243;][vc_single_image image=&#8221;64&#8243; img_size=&#8221;full&#8221; alignment=&#8221;center&#8221;][vc_custom_heading text=&#8221;CIL\u00cbSI&#8221; font_container=&#8221;tag:h2|text_align:center|color:%230058a9&#8243; google_fonts=&#8221;font_family:Roboto%20Condensed%3A300%2C300italic%2Cregular%2Citalic%2C700%2C700italic|font_style:400%20regular%3A400%3Anormal&#8221;][vc_column_text]<\/p>\n<p style=\"text-align: center;\">Cil\u00ebsia dhe motoja jon\u00eb e plot\u00ebsimit t\u00eb nevojave t\u00eb klientit me nj\u00eb staf dinamik dhe t\u00eb kualifikuar\u00a0\u00ebsht\u00eb themeli i pun\u00ebs son\u00eb.<\/p>\n<p>[\/vc_column_text][\/vc_column][vc_column width=&#8221;1\/4&#8243;][vc_single_image image=&#8221;63&#8243; img_size=&#8221;full&#8221; alignment=&#8221;center&#8221;][vc_custom_heading text=&#8221;PARAMETRAT&#8221; font_container=&#8221;tag:h2|text_align:center|color:%230058a9&#8243; google_fonts=&#8221;font_family:Roboto%20Condensed%3A300%2C300italic%2Cregular%2Citalic%2C700%2C700italic|font_style:400%20regular%3A400%3Anormal&#8221;][vc_column_text]<\/p>\n<p style=\"text-align: center;\">Plot\u00ebsimi i parametrave teknike t\u00eb fush\u00ebs, \u00ebsht\u00eb nj\u00eb prioritet i yni, si p\u00ebr nevojat q\u00eb nga Legjislacioni Shqiptar ashtu edhe p\u00ebr klient\u00ebt tan\u00eb<\/p>\n<p>[\/vc_column_text][\/vc_column][vc_column width=&#8221;1\/4&#8243;][vc_single_image image=&#8221;61&#8243; img_size=&#8221;full&#8221; alignment=&#8221;center&#8221;][vc_custom_heading text=&#8221;KOHA E SH\u00cbRBIMIT&#8221; font_container=&#8221;tag:h2|text_align:center|color:%230058a9&#8243; google_fonts=&#8221;font_family:Roboto%20Condensed%3A300%2C300italic%2Cregular%2Citalic%2C700%2C700italic|font_style:400%20regular%3A400%3Anormal&#8221;][vc_column_text]<\/p>\n<p style=\"text-align: center;\">Koha e sh\u00ebrbimit\u00a0\u00ebsht\u00eb nj\u00eb element kyc q\u00eb ne na jep avantazh konkurrues p\u00ebr shkak edhe t\u00eb faktor\u00ebve t\u00eb m\u00ebsip\u00ebrm.<\/p>\n<p>[\/vc_column_text][\/vc_column][vc_column width=&#8221;1\/4&#8243;][vc_single_image image=&#8221;62&#8243; img_size=&#8221;full&#8221; alignment=&#8221;center&#8221;][vc_custom_heading text=&#8221;TRANSPORTI&#8221; font_container=&#8221;tag:h2|text_align:center|color:%230058a9&#8243; google_fonts=&#8221;font_family:Roboto%20Condensed%3A300%2C300italic%2Cregular%2Citalic%2C700%2C700italic|font_style:400%20regular%3A400%3Anormal&#8221;][vc_column_text]<\/p>\n<p style=\"text-align: center;\">Gjithashtu ofrojm\u00eb transportin e n\u00ebnprodukteve tona t\u00eb naft\u00ebs, benzin\u00ebs, koksit, solarit etj deri t\u00eb konsumator\u00ebve finale.<\/p>\n<p>[\/vc_column_text][\/vc_column][\/vc_row][vc_row][vc_column width=&#8221;1\/2&#8243; css=&#8221;.vc_custom_1583755057310{border-right-width: 2px !important;border-right-color: #0058a9 !important;border-right-style: solid !important;}&#8221;][vc_column_text]<\/p>\n<p style=\"text-align: justify;\"><strong>Qysh prej fillimit te punes se saj, u pa si aktivitet primar, ofrimi i sherbimeve te transportit tek kompanite nafte nxjerrese dhe perpunuese, te naftes bruto dhe nenprodukteve te saj.<\/strong><\/p>\n<p style=\"text-align: justify;\"><strong>Gjithashtu si pjese e plotesimit te nevojave te shoqerive te lidhura, ofrojme transportin e nenprodukteve tona te naftes, benzines, koksit, solarit etj deri te konsumatoret finale.<\/strong><\/p>\n<p>[\/vc_column_text][\/vc_column][vc_column width=&#8221;1\/2&#8243;][vc_single_image image=&#8221;71&#8243; img_size=&#8221;full&#8221; alignment=&#8221;center&#8221;][\/vc_column][\/vc_row][vc_row][vc_column][vc_custom_heading text=&#8221;KLIENT\u00cbT TAN\u00cb&#8221; font_container=&#8221;tag:h2|text_align:center|color:%230058a9&#8243; google_fonts=&#8221;font_family:Roboto%20Condensed%3A300%2C300italic%2Cregular%2Citalic%2C700%2C700italic|font_style:400%20regular%3A400%3Anormal&#8221;][\/vc_column][\/vc_row][vc_row][vc_column]<div id=\"ult-carousel-117724595269e13c5433f07\" class=\"ult-carousel-wrapper   ult_horizontal\" data-gutter=\"15\" data-rtl=\"false\" ><div class=\"ult-carousel-226817880169e13c5433df6 \" >[vc_single_image image=&#8221;44&#8243; img_size=&#8221;full&#8221;][vc_single_image image=&#8221;47&#8243; img_size=&#8221;full&#8221;][vc_single_image image=&#8221;43&#8243; img_size=&#8221;full&#8221;][vc_single_image image=&#8221;46&#8243; img_size=&#8221;full&#8221;][vc_single_image image=&#8221;45&#8243; img_size=&#8221;full&#8221;]<\/div><\/div>\t\t\t<script type=\"text\/javascript\">\n\t\t\t\tjQuery(document).ready(function ($) {\n\t\t\t\t\tif( typeof jQuery('.ult-carousel-226817880169e13c5433df6').slick == \"function\"){\n\t\t\t\t\t\t$('.ult-carousel-226817880169e13c5433df6').slick({dots: true,autoplay: true,autoplaySpeed: \"3000\",speed: \"3000\",infinite: true,arrows: true,nextArrow: '<button type=\"button\" role=\"button\" aria-label=\"Next\" style=\"color:#333333; font-size:20px;\" class=\"slick-next default\"><i class=\"ultsl-arrow-right4\"><\/i><\/button>',prevArrow: '<button type=\"button\" role=\"button\" aria-label=\"Previous\" style=\"color:#333333; font-size:20px;\" class=\"slick-prev default\"><i class=\"ultsl-arrow-left4\"><\/i><\/button>',slidesToScroll:5,slidesToShow:5,swipe: true,draggable: true,touchMove: true,pauseOnHover: true,pauseOnFocus: false,responsive: [\n\t\t\t\t\t\t\t{\n\t\t\t\t\t\t\t  breakpoint: 1026,\n\t\t\t\t\t\t\t  settings: {\n\t\t\t\t\t\t\t\tslidesToShow: 5,\n\t\t\t\t\t\t\t\tslidesToScroll: 5,  \n\t\t\t\t\t\t\t  }\n\t\t\t\t\t\t\t},\n\t\t\t\t\t\t\t{\n\t\t\t\t\t\t\t  breakpoint: 1025,\n\t\t\t\t\t\t\t  settings: {\n\t\t\t\t\t\t\t\tslidesToShow: 2,\n\t\t\t\t\t\t\t\tslidesToScroll: 2\n\t\t\t\t\t\t\t  }\n\t\t\t\t\t\t\t},\n\t\t\t\t\t\t\t{\n\t\t\t\t\t\t\t  breakpoint: 760,\n\t\t\t\t\t\t\t  settings: {\n\t\t\t\t\t\t\t\tslidesToShow: 1,\n\t\t\t\t\t\t\t\tslidesToScroll: 1\n\t\t\t\t\t\t\t  }\n\t\t\t\t\t\t\t}\n\t\t\t\t\t\t],pauseOnDotsHover: true,customPaging: function(slider, i) {\n                   return '<i type=\"button\" style= \"color:#333333;\" class=\"ultsl-record\" data-role=\"none\"><\/i>';\n                },});\n\t\t\t\t\t}\n\t\t\t\t});\n\t\t\t<\/script>\n\t\t\t[\/vc_column][\/vc_row][vc_row full_width=&#8221;stretch_row_content_no_spaces&#8221;][vc_column][vc_gmaps link=&#8221;#E-8_JTNDaWZyYW1lJTIwc3JjJTNEJTIyaHR0cHMlM0ElMkYlMkZ3d3cuZ29vZ2xlLmNvbSUyRm1hcHMlMkZlbWJlZCUzRnBiJTNEJTIxMW0xOCUyMTFtMTIlMjExbTMlMjExZDE1MTIuODI0NDg0NTMwODE4NiUyMTJkMTkuNjE2ODE3MDU4Mjc0NjUlMjEzZDQwLjY4MTcwMjgyODg2NzgyJTIxMm0zJTIxMWYwJTIxMmYwJTIxM2YwJTIxM20yJTIxMWkxMDI0JTIxMmk3NjglMjE0ZjEzLjElMjEzbTMlMjExbTIlMjExczB4MTM1YWIyNjMzYjIxZWFhMyUyNTNBMHhlYWNmNmZkMWQ5NTJmNTNkJTIxMnNScnVnYSUyNTIwZSUyNTIwTGFnamVzJTI1MkMlMjUyMFBhdG9zJTI1MkMlMjUyMEFsYmFuaWElMjE1ZTAlMjEzbTIlMjExc2VuJTIxMnMlMjE0djE1ODM3NTQ4NTUxNzYlMjE1bTIlMjExc2VuJTIxMnMlMjIlMjB3aWR0aCUzRCUyMjYwMCUyMiUyMGhlaWdodCUzRCUyMjQ1MCUyMiUyMGZyYW1lYm9yZGVyJTNEJTIyMCUyMiUyMHN0eWxlJTNEJTIyYm9yZGVyJTNBMCUzQiUyMiUyMGFsbG93ZnVsbHNjcmVlbiUzRCUyMiUyMiUzRSUzQyUyRmlmcmFtZSUzRQ==&#8221;][\/vc_column][\/vc_row]<\/p>\n<\/div>","protected":false},"excerpt":{"rendered":"<p>[vc_row][vc_column][vc_custom_heading text=&#8221;MIR\u00cbSEVINI N\u00cb OLEUM TRANSPORTI!&#8221; font_container=&#8221;tag:h2|text_align:center|color:%230058a9&#8243; google_fonts=&#8221;font_family:Roboto%20Condensed%3A300%2C300italic%2Cregular%2Citalic%2C700%2C700italic|font_style:400%20italic%3A400%3Aitalic&#8221;][vc_text_separator title=&#8221;P\u00ebrse duhet t\u00eb na zgjidhni ne&#8221;][\/vc_column][\/vc_row][vc_row][vc_column width=&#8221;1\/4&#8243;][vc_single_image image=&#8221;64&#8243; img_size=&#8221;full&#8221; alignment=&#8221;center&#8221;][vc_custom_heading text=&#8221;CIL\u00cbSI&#8221; font_container=&#8221;tag:h2|text_align:center|color:%230058a9&#8243; google_fonts=&#8221;font_family:Roboto%20Condensed%3A300%2C300italic%2Cregular%2Citalic%2C700%2C700italic|font_style:400%20regular%3A400%3Anormal&#8221;][vc_column_text] Cil\u00ebsia dhe motoja jon\u00eb e plot\u00ebsimit t\u00eb nevojave t\u00eb klientit me nj\u00eb staf dinamik dhe t\u00eb kualifikuar\u00a0\u00ebsht\u00eb themeli i pun\u00ebs son\u00eb. [\/vc_column_text][\/vc_column][vc_column width=&#8221;1\/4&#8243;][vc_single_image image=&#8221;63&#8243; img_size=&#8221;full&#8221; alignment=&#8221;center&#8221;][vc_custom_heading text=&#8221;PARAMETRAT&#8221; font_container=&#8221;tag:h2|text_align:center|color:%230058a9&#8243; google_fonts=&#8221;font_family:Roboto%20Condensed%3A300%2C300italic%2Cregular%2Citalic%2C700%2C700italic|font_style:400%20regular%3A400%3Anormal&#8221;][vc_column_text] Plot\u00ebsimi i parametrave teknike t\u00eb fush\u00ebs,&hellip;<\/p>\n","protected":false},"author":1,"featured_media":0,"parent":0,"menu_order":0,"comment_status":"closed","ping_status":"closed","template":"","meta":{"footnotes":""},"class_list":["post-7","page","type-page","status-publish","hentry","description-off"],"_links":{"self":[{"href":"https:\/\/oleumtransporti.com\/index.php\/wp-json\/wp\/v2\/pages\/7","targetHints":{"allow":["GET"]}}],"collection":[{"href":"https:\/\/oleumtransporti.com\/index.php\/wp-json\/wp\/v2\/pages"}],"about":[{"href":"https:\/\/oleumtransporti.com\/index.php\/wp-json\/wp\/v2\/types\/page"}],"author":[{"embeddable":true,"href":"https:\/\/oleumtransporti.com\/index.php\/wp-json\/wp\/v2\/users\/1"}],"replies":[{"embeddable":true,"href":"https:\/\/oleumtransporti.com\/index.php\/wp-json\/wp\/v2\/comments?post=7"}],"version-history":[{"count":7,"href":"https:\/\/oleumtransporti.com\/index.php\/wp-json\/wp\/v2\/pages\/7\/revisions"}],"predecessor-version":[{"id":76,"href":"https:\/\/oleumtransporti.com\/index.php\/wp-json\/wp\/v2\/pages\/7\/revisions\/76"}],"wp:attachment":[{"href":"https:\/\/oleumtransporti.com\/index.php\/wp-json\/wp\/v2\/media?parent=7"}],"curies":[{"name":"wp","href":"https:\/\/api.w.org\/{rel}","templated":true}]}}